{"id":552,"date":"2023-09-29T18:07:27","date_gmt":"2023-09-29T21:07:27","guid":{"rendered":"https:\/\/demo.creativethemes.com\/blocksy\/business\/?page_id=3"},"modified":"2023-10-06T20:01:30","modified_gmt":"2023-10-06T23:01:30","slug":"termos-de-uso","status":"publish","type":"page","link":"https:\/\/www.scttic.com\/?page_id=552","title":{"rendered":"Termos de Uso"},"content":{"rendered":"\n<div class=\"wp-block-stackable-columns alignfull stk-block-columns stk-block stk-fb5059f stk-block-background stk--has-background-overlay\" data-block-id=\"fb5059f\"><style>.stk-fb5059f{background-color:#000000 !important;background-image:url(https:\/\/www.scttic.com\/wp-content\/uploads\/2023\/09\/hand-touching-with-search-icon-search-engine-optimisation-seo-concept-find-information-by-internet-connection.jpg) !important;padding-top:200px !important;padding-bottom:100px !important}.stk-fb5059f:before{background-color:#000000 !important;opacity:0.5 !important}@media screen and (max-width:999px){.stk-fb5059f{padding-top:250px !important;padding-bottom:150px !important}}@media screen and (max-width:689px){.stk-fb5059f{padding-top:200px !important;padding-bottom:100px !important}}<\/style><div class=\"stk-row stk-inner-blocks stk-block-content stk-content-align stk-fb5059f-column\">\n<div class=\"wp-block-stackable-column stk-block-column stk-column stk-block stk-c7a609c\" data-v=\"4\" data-block-id=\"c7a609c\"><style>@media screen and (min-width:690px){.stk-c7a609c{flex:1 1 calc(66.666% - var(--stk-column-gap,0px) * 1 \/ 2 ) !important}}@media screen and (min-width:690px) and (max-width:999px){.stk-c7a609c{flex:0 1 calc(100% - var(--stk-column-gap,0px) * 0 \/ 1 ) !important}}<\/style><div class=\"stk-column-wrapper stk-block-column__content stk-container stk-c7a609c-container stk--no-background stk--no-padding\"><div class=\"has-text-align-center-tablet stk-block-content stk-inner-blocks stk-c7a609c-inner-blocks\">\n<div class=\"wp-block-stackable-text stk-block-text stk-block stk-58c3ef2\" data-block-id=\"58c3ef2\"><style>.stk-58c3ef2 .stk-block-text__text{color:#ffffff !important;font-weight:bold !important}<\/style><p class=\"stk-block-text__text has-text-color\">Concedido<\/p><\/div>\n\n\n\n<div class=\"wp-block-stackable-heading stk-block-heading stk-block-heading--v2 stk-block stk-becc935\" id=\"termos-de-uso\" data-block-id=\"becc935\"><style>.stk-becc935 .stk-block-heading__text{font-size:45px !important;color:#ffffff !important;line-height:1.3em !important;font-weight:800 !important}@media screen and (max-width:999px){.stk-becc935 .stk-block-heading__text{font-size:40px !important}}<\/style><h2 class=\"stk-block-heading__text has-text-color\">Termos de Uso<\/h2><\/div>\n\n\n\n<div class=\"wp-block-stackable-text stk-block-text stk-block stk-1028b86\" data-block-id=\"1028b86\"><style>.stk-1028b86 .stk-block-text__text{color:#ffffff !important}<\/style><p class=\"stk-block-text__text has-text-color\">Nossos Termos de Uso delineiam as regras e diretrizes para utilizar nossos servi\u00e7os. Eles garantem uma rela\u00e7\u00e3o transparente e justa entre n\u00f3s e nossos usu\u00e1rios. Leia atentamente.<\/p><\/div>\n<\/div><\/div><\/div>\n\n\n\n<div class=\"wp-block-stackable-column stk-block-column stk-column stk-block stk-7954a91\" data-v=\"4\" data-block-id=\"7954a91\"><style>.stk-7954a91-container{margin-top:0px !important;margin-right:0px !important;margin-bottom:0px !important;margin-left:0px !important}@media screen and (min-width:690px){.stk-7954a91{flex:1 1 calc(33.333% - var(--stk-column-gap,0px) * 1 \/ 2 ) !important}}@media screen and (min-width:690px) and (max-width:999px){.stk-7954a91{flex:0 1 calc(100% - var(--stk-column-gap,0px) * 0 \/ 1 ) !important}}<\/style><div class=\"stk-column-wrapper stk-block-column__content stk-container stk-7954a91-container stk--no-background stk--no-padding\"><div class=\"stk-block-content stk-inner-blocks stk-7954a91-inner-blocks\"><\/div><\/div><\/div>\n<\/div><\/div>\n\n\n\n<h2 class=\"wp-block-heading\"><span style=\"color: #444444;\">1. Termos<\/span><\/h2>\n\n\n\n<p><span style=\"color: #444444;\">Ao acessar ao site <a href=\"https:\/\/scttic.com\">SCT &#8211; Treinamentos e Servi\u00e7os de Informatica<\/a>, concorda em cumprir estes termos de servi\u00e7o, todas as leis e regulamentos aplic\u00e1veis \u200b\u200be concorda que \u00e9 respons\u00e1vel pelo cumprimento de todas as leis locais aplic\u00e1veis. Se voc\u00ea n\u00e3o concordar com algum desses termos, est\u00e1 proibido de usar ou acessar este site. Os materiais contidos neste site s\u00e3o protegidos pelas leis de direitos autorais e marcas comerciais aplic\u00e1veis.<\/span><\/p>\n\n\n\n<h2 class=\"wp-block-heading\"><span style=\"color: #444444;\">2. Uso de Licen\u00e7a<\/span><\/h2>\n\n\n\n<p><span style=\"color: #444444;\">\u00c9 concedida permiss\u00e3o para baixar temporariamente uma c\u00f3pia dos materiais (informa\u00e7\u00f5es ou software) no site SCT &#8211; Treinamentos e Servi\u00e7os de Informatica , apenas para visualiza\u00e7\u00e3o transit\u00f3ria pessoal e n\u00e3o comercial. Esta \u00e9 a concess\u00e3o de uma licen\u00e7a, n\u00e3o uma transfer\u00eancia de t\u00edtulo e, sob esta licen\u00e7a, voc\u00ea n\u00e3o pode:&nbsp;<\/span><\/p>\n\n\n\n<ol class=\"wp-block-list\">\n<li><span style=\"color: #444444;\">modificar ou copiar os materiais;&nbsp;<\/span><\/li>\n\n\n\n<li><span style=\"color: #444444;\">usar os materiais para qualquer finalidade comercial ou para exibi\u00e7\u00e3o p\u00fablica (comercial ou n\u00e3o comercial);&nbsp;<\/span><\/li>\n\n\n\n<li><span style=\"color: #444444;\">tentar descompilar ou fazer engenharia reversa de qualquer software contido no site SCT &#8211; Treinamentos e Servi\u00e7os de Informatica;&nbsp;<\/span><\/li>\n\n\n\n<li><span style=\"color: #444444;\">remover quaisquer direitos autorais ou outras nota\u00e7\u00f5es de propriedade dos materiais; ou&nbsp;<\/span><\/li>\n\n\n\n<li><span style=\"color: #444444;\">transferir os materiais para outra pessoa ou &#8216;espelhe&#8217; os materiais em qualquer outro servidor.<\/span><\/li>\n<\/ol>\n\n\n\n<p><span style=\"color: #444444;\">Esta licen\u00e7a ser\u00e1 automaticamente rescindida se voc\u00ea violar alguma dessas restri\u00e7\u00f5es e poder\u00e1 ser rescindida por SCT &#8211; Treinamentos e Servi\u00e7os de Informatica a qualquer momento. Ao encerrar a visualiza\u00e7\u00e3o desses materiais ou ap\u00f3s o t\u00e9rmino desta licen\u00e7a, voc\u00ea deve apagar todos os materiais baixados em sua posse, seja em formato eletr\u00f3nico ou impresso.<\/span><\/p>\n\n\n\n<h2 class=\"wp-block-heading\"><span style=\"color: #444444;\">3. Isen\u00e7\u00e3o de responsabilidade<\/span><\/h2>\n\n\n\n<ol class=\"wp-block-list\">\n<li><span style=\"color: #444444;\">Os materiais no site da SCT &#8211; Treinamentos e Servi\u00e7os de Informatica s\u00e3o fornecidos &#8216;como est\u00e3o&#8217;. SCT &#8211; Treinamentos e Servi\u00e7os de Informatica n\u00e3o oferece garantias, expressas ou impl\u00edcitas, e, por este meio, isenta e nega todas as outras garantias, incluindo, sem limita\u00e7\u00e3o, garantias impl\u00edcitas ou condi\u00e7\u00f5es de comercializa\u00e7\u00e3o, adequa\u00e7\u00e3o a um fim espec\u00edfico ou n\u00e3o viola\u00e7\u00e3o de propriedade intelectual ou outra viola\u00e7\u00e3o de direitos.<\/span><\/li>\n\n\n\n<li><span style=\"color: #444444;\">Al\u00e9m disso, o SCT &#8211; Treinamentos e Servi\u00e7os de Informatica n\u00e3o garante ou faz qualquer representa\u00e7\u00e3o relativa \u00e0 precis\u00e3o, aos resultados prov\u00e1veis \u200b\u200bou \u00e0 confiabilidade do uso dos materiais em seu site ou de outra forma relacionado a esses materiais ou em sites vinculados a este site.<\/span><\/li>\n<\/ol>\n\n\n\n<h2 class=\"wp-block-heading\"><span style=\"color: #444444;\">4. Limita\u00e7\u00f5es<\/span><\/h2>\n\n\n\n<p><span style=\"color: #444444;\">Em nenhum caso o SCT &#8211; Treinamentos e Servi\u00e7os de Informatica ou seus fornecedores ser\u00e3o respons\u00e1veis \u200b\u200bpor quaisquer danos (incluindo, sem limita\u00e7\u00e3o, danos por perda de dados ou lucro ou devido a interrup\u00e7\u00e3o dos neg\u00f3cios) decorrentes do uso ou da incapacidade de usar os materiais em SCT &#8211; Treinamentos e Servi\u00e7os de Informatica, mesmo que SCT &#8211; Treinamentos e Servi\u00e7os de Informatica ou um representante autorizado da SCT &#8211; Treinamentos e Servi\u00e7os de Informatica tenha sido notificado oralmente ou por escrito da possibilidade de tais danos. Como algumas jurisdi\u00e7\u00f5es n\u00e3o permitem limita\u00e7\u00f5es em garantias impl\u00edcitas, ou limita\u00e7\u00f5es de responsabilidade por danos conseq\u00fcentes ou incidentais, essas limita\u00e7\u00f5es podem n\u00e3o se aplicar a voc\u00ea.<\/span><\/p>\n\n\n\n<h2 class=\"wp-block-heading\"><span style=\"color: #444444;\">5. Precis\u00e3o dos materiais<\/span><\/h2>\n\n\n\n<p><span style=\"color: #444444;\">Os materiais exibidos no site da SCT &#8211; Treinamentos e Servi\u00e7os de Informatica podem incluir erros t\u00e9cnicos, tipogr\u00e1ficos ou fotogr\u00e1ficos. SCT &#8211; Treinamentos e Servi\u00e7os de Informatica n\u00e3o garante que qualquer material em seu site seja preciso, completo ou atual. SCT &#8211; Treinamentos e Servi\u00e7os de Informatica pode fazer altera\u00e7\u00f5es nos materiais contidos em seu site a qualquer momento, sem aviso pr\u00e9vio. No entanto, SCT &#8211; Treinamentos e Servi\u00e7os de Informatica n\u00e3o se compromete a atualizar os materiais.<\/span><\/p>\n\n\n\n<h2 class=\"wp-block-heading\"><span style=\"color: #444444;\">6. Links<\/span><\/h2>\n\n\n\n<p><span style=\"color: #444444;\">O SCT &#8211; Treinamentos e Servi\u00e7os de Informatica n\u00e3o analisou todos os sites vinculados ao seu site e n\u00e3o \u00e9 respons\u00e1vel pelo conte\u00fado de nenhum site vinculado. A inclus\u00e3o de qualquer link n\u00e3o implica endosso por SCT &#8211; Treinamentos e Servi\u00e7os de Informatica do site. O uso de qualquer site vinculado \u00e9 por conta e risco do usu\u00e1rio.<\/span><\/p>\n\n\n\n<h3 class=\"wp-block-heading\"><span style=\"color: #444444;\">Modifica\u00e7\u00f5es<\/span><\/h3>\n\n\n\n<p><span style=\"color: #444444;\">O SCT &#8211; Treinamentos e Servi\u00e7os de Informatica pode revisar estes termos de servi\u00e7o do site a qualquer momento, sem aviso pr\u00e9vio. Ao usar este site, voc\u00ea concorda em ficar vinculado \u00e0 vers\u00e3o atual desses termos de servi\u00e7o.<\/span><\/p>\n\n\n\n<h3 class=\"wp-block-heading\"><span style=\"color: #444444;\">Lei aplic\u00e1vel<\/span><\/h3>\n\n\n\n<p><span style=\"color: #444444;\">Estes termos e condi\u00e7\u00f5es s\u00e3o regidos e interpretados de acordo com as leis do SCT &#8211; Treinamentos e Servi\u00e7os de Informatica e voc\u00ea se submete irrevogavelmente \u00e0 jurisdi\u00e7\u00e3o exclusiva dos tribunais naquele estado ou localidade.<\/span><\/p>\n\n\n\n<div class=\"wp-block-stackable-spacer stk-block-spacer stk--no-padding stk-block stk-5561819\" data-block-id=\"5561819\"><style>.stk-5561819{height:130px !important}<\/style><\/div>\n","protected":false},"excerpt":{"rendered":"<p>Concedido Termos de Uso Nossos Termos de Uso delineiam as regras e diretrizes para utilizar nossos servi\u00e7os. Eles garantem uma rela\u00e7\u00e3o transparente e justa entre n\u00f3s e nossos usu\u00e1rios. Leia atentamente. 1. Termos Ao acessar ao site SCT &#8211; Treinamentos e Servi\u00e7os de Informatica, concorda em cumprir estes termos de servi\u00e7o, todas as leis e [&hellip;]<\/p>\n","protected":false},"author":2,"featured_media":0,"parent":0,"menu_order":0,"comment_status":"closed","ping_status":"closed","template":"","meta":{"_eb_attr":"","footnotes":""},"class_list":["post-552","page","type-page","status-publish","hentry"],"blocksy_meta":{"page_structure_type":"type-3","disable_header":"no","has_hero_section":"disabled","hero_section":"type-2","hero_elements":[{"id":"custom_title","enabled":true,"heading_tag":"h1","title":"Home","__id":"B5Hxd83r2Rdhw4X17H2SL"},{"id":"custom_description","enabled":true,"description_visibility":{"desktop":true,"tablet":true,"mobile":false},"__id":"hTm9ZNUQ90ApcgxNKFASj"},{"id":"custom_meta","enabled":false,"meta_elements":[{"id":"author","enabled":true,"label":"Por","has_author_avatar":"yes","avatar_size":25},{"id":"post_date","enabled":true,"label":"Ligar","date_format_source":"default","date_format":"M j, Y"},{"id":"updated_date","enabled":false,"label":"Ligar","date_format_source":"default","date_format":"M j, Y"},{"id":"categories","enabled":false,"label":"Em","style":"simple"},{"id":"comments","enabled":true}],"page_meta_elements":{"joined":true,"articles_count":true,"comments":true},"__id":"LQldQ8DR7zb9VVetJbXEc"},{"id":"breadcrumbs","enabled":false,"__id":"HcFnsDTiVJN-6M0WS2YZc"}],"background":{"desktop":{"background_type":"color","background_pattern":"type-1","background_image":{"attachment_id":null,"x":0,"y":0},"gradient":"linear-gradient(135deg,rgba(6,147,227,1) 0%,rgb(155,81,224) 100%)","background_repeat":"repeat","background_size":"auto","background_attachment":"scroll","patternColor":{"default":{"color":"#e5e7ea"}},"overlayColor":{"default":{"color":"CT_CSS_SKIP_RULE"}},"backgroundColor":{"default":{"color":"#ffffff"}}},"tablet":{"background_type":"color","background_pattern":"type-1","background_image":{"attachment_id":null,"x":0,"y":0},"gradient":"linear-gradient(135deg,rgba(6,147,227,1) 0%,rgb(155,81,224) 100%)","background_repeat":"repeat","background_size":"auto","background_attachment":"scroll","patternColor":{"default":{"color":"#e5e7ea"}},"overlayColor":{"default":{"color":"CT_CSS_SKIP_RULE"}},"backgroundColor":{"default":{"color":"#ffffff"}}},"mobile":{"background_type":"color","background_pattern":"type-1","background_image":{"attachment_id":null,"x":0,"y":0},"gradient":"linear-gradient(135deg,rgba(6,147,227,1) 0%,rgb(155,81,224) 100%)","background_repeat":"repeat","background_size":"auto","background_attachment":"scroll","patternColor":{"default":{"color":"#e5e7ea"}},"overlayColor":{"default":{"color":"CT_CSS_SKIP_RULE"}},"backgroundColor":{"default":{"color":"#ffffff"}}},"__changed":[]},"styles_descriptor":{"styles":{"desktop":"[data-prefix=\"single_page\"] {background-color:#ffffff;background-image:none;}","tablet":"","mobile":""},"google_fonts":[],"version":6},"vertical_spacing_source":"custom","content_area_spacing":"none"},"_links":{"self":[{"href":"https:\/\/www.scttic.com\/index.php?rest_route=\/wp\/v2\/pages\/552","targetHints":{"allow":["GET"]}}],"collection":[{"href":"https:\/\/www.scttic.com\/index.php?rest_route=\/wp\/v2\/pages"}],"about":[{"href":"https:\/\/www.scttic.com\/index.php?rest_route=\/wp\/v2\/types\/page"}],"author":[{"embeddable":true,"href":"https:\/\/www.scttic.com\/index.php?rest_route=\/wp\/v2\/users\/2"}],"replies":[{"embeddable":true,"href":"https:\/\/www.scttic.com\/index.php?rest_route=%2Fwp%2Fv2%2Fcomments&post=552"}],"version-history":[{"count":9,"href":"https:\/\/www.scttic.com\/index.php?rest_route=\/wp\/v2\/pages\/552\/revisions"}],"predecessor-version":[{"id":797,"href":"https:\/\/www.scttic.com\/index.php?rest_route=\/wp\/v2\/pages\/552\/revisions\/797"}],"wp:attachment":[{"href":"https:\/\/www.scttic.com\/index.php?rest_route=%2Fwp%2Fv2%2Fmedia&parent=552"}],"curies":[{"name":"wp","href":"https:\/\/api.w.org\/{rel}","templated":true}]}}